{"id":29360,"date":"2021-11-20T15:26:55","date_gmt":"2021-11-20T14:26:55","guid":{"rendered":"https:\/\/secretaireadistance.ch\/?page_id=29360"},"modified":"2021-12-16T21:30:08","modified_gmt":"2021-12-16T20:30:08","slug":"politique-de-confidentialite","status":"publish","type":"page","link":"https:\/\/secretaireadistance.ch\/de\/politique-de-confidentialite\/","title":{"rendered":"Datenschutz-Bestimmungen \u00a0"},"content":{"rendered":"<p>[vc_row full_height=&#8220;yes&#8220;][vc_column][vc_column_text]<\/p>\n<h1><span lang=\"FR-CH\">Datenschutz-Bestimmungen \u00a0<\/span><\/h1>\n<p>Wir verarbeiten Ihre personenbezogenen Daten stets in \u00dcbereinstimmung mit den geltenden datenschutzrechtlichen Bestimmungen (einschliesslich des schweizerischen Datenschutzgesetzes \u00abDSG\u00bb und ggf. der EU-Datenschutz-Grundverordnung \u00abDSGVO\u00bb; nachfolgend zusammenfassend \u00abgeltendes Datenschutzrecht\u00bb ).<\/p>\n<p>\u201eVerarbeitung\u201c ist jeder Vorgang oder jede Vorgangsreihe, die unter Verwendung automatisierter Verfahren ausgef\u00fchrt oder nicht durchgef\u00fchrt und auf personenbezogene Daten angewendet wird, wie das Erheben, das Erfassen, die Organisation, das Strukturieren, die Verarbeitung, das Bewahren, die Anpassung oder \u00c4nderung, das Auslesen, das Abfragen, die Verwendung, die Kommunikation durch \u00dcbermittlung, Verbreitung oder jede andere Form der Bereitstellung, des Abgleichs oder der Verkn\u00fcpfung, Einschr\u00e4nkung, L\u00f6schung oder Vernichtung Ihrer Daten.[\/vc_column_text][\/vc_column][\/vc_row]<\/p>\n","protected":false},"excerpt":{"rendered":"<p>[vc_row full_height=&#8220;yes&#8220;][vc_column][vc_column_text] Datenschutz-Bestimmungen \u00a0 Wir verarbeiten Ihre personenbezogenen Daten stets in \u00dcbereinstimmung mit den geltenden datenschutzrechtlichen Bestimmungen (einschliesslich des schweizerischen Datenschutzgesetzes \u00abDSG\u00bb und ggf. der EU-Datenschutz-Grundverordnung \u00abDSGVO\u00bb; nachfolgend zusammenfassend \u00abgeltendes Datenschutzrecht\u00bb ). \u201eVerarbeitung\u201c ist jeder Vorgang oder jede Vorgangsreihe, die unter Verwendung automatisierter Verfahren ausgef\u00fchrt oder nicht durchgef\u00fchrt und auf personenbezogene Daten angewendet wird, wie [&hellip;]<\/p>\n","protected":false},"author":1,"featured_media":0,"parent":0,"menu_order":0,"comment_status":"closed","ping_status":"closed","template":"","meta":{"footnotes":""},"class_list":["post-29360","page","type-page","status-publish","hentry"],"yoast_head":"<!-- This site is optimized with the Yoast SEO plugin v17.8 - https:\/\/yoast.com\/wordpress\/plugins\/seo\/ -->\n<title>Datenschutz-Bestimmungen \u00a0 - secretaire a distance<\/title>\n<meta name=\"robots\" content=\"index, follow, max-snippet:-1, max-image-preview:large, max-video-preview:-1\" \/>\n<link rel=\"canonical\" href=\"https:\/\/secretaireadistance.ch\/de\/politique-de-confidentialite\/\" \/>\n<meta property=\"og:locale\" content=\"de_DE\" \/>\n<meta property=\"og:type\" content=\"article\" \/>\n<meta property=\"og:title\" content=\"Datenschutz-Bestimmungen \u00a0 - secretaire a distance\" \/>\n<meta property=\"og:description\" content=\"[vc_row full_height=&#8220;yes&#8220;][vc_column][vc_column_text] Datenschutz-Bestimmungen \u00a0 Wir verarbeiten Ihre personenbezogenen Daten stets in \u00dcbereinstimmung mit den geltenden datenschutzrechtlichen Bestimmungen (einschliesslich des schweizerischen Datenschutzgesetzes \u00abDSG\u00bb und ggf. der EU-Datenschutz-Grundverordnung \u00abDSGVO\u00bb; nachfolgend zusammenfassend \u00abgeltendes Datenschutzrecht\u00bb ). \u201eVerarbeitung\u201c ist jeder Vorgang oder jede Vorgangsreihe, die unter Verwendung automatisierter Verfahren ausgef\u00fchrt oder nicht durchgef\u00fchrt und auf personenbezogene Daten angewendet wird, wie [&hellip;]\" \/>\n<meta property=\"og:url\" content=\"https:\/\/secretaireadistance.ch\/de\/politique-de-confidentialite\/\" \/>\n<meta property=\"og:site_name\" content=\"secretaire a distance\" \/>\n<meta property=\"article:modified_time\" content=\"2021-12-16T20:30:08+00:00\" \/>\n<meta name=\"twitter:card\" content=\"summary_large_image\" \/>\n<meta name=\"twitter:label1\" content=\"Gesch\u00e4tzte Lesezeit\" \/>\n\t<meta name=\"twitter:data1\" content=\"1\u00a0Minute\" \/>\n<script type=\"application\/ld+json\" class=\"yoast-schema-graph\">{\"@context\":\"https:\/\/schema.org\",\"@graph\":[{\"@type\":\"WebSite\",\"@id\":\"https:\/\/secretaireadistance.ch\/#website\",\"url\":\"https:\/\/secretaireadistance.ch\/\",\"name\":\"secretaire a distance\",\"description\":\"Just another WordPress site\",\"potentialAction\":[{\"@type\":\"SearchAction\",\"target\":{\"@type\":\"EntryPoint\",\"urlTemplate\":\"https:\/\/secretaireadistance.ch\/?s={search_term_string}\"},\"query-input\":\"required name=search_term_string\"}],\"inLanguage\":\"de\"},{\"@type\":\"WebPage\",\"@id\":\"https:\/\/secretaireadistance.ch\/de\/politique-de-confidentialite\/#webpage\",\"url\":\"https:\/\/secretaireadistance.ch\/de\/politique-de-confidentialite\/\",\"name\":\"Datenschutz-Bestimmungen \\u00a0 - secretaire a distance\",\"isPartOf\":{\"@id\":\"https:\/\/secretaireadistance.ch\/#website\"},\"datePublished\":\"2021-11-20T14:26:55+00:00\",\"dateModified\":\"2021-12-16T20:30:08+00:00\",\"breadcrumb\":{\"@id\":\"https:\/\/secretaireadistance.ch\/de\/politique-de-confidentialite\/#breadcrumb\"},\"inLanguage\":\"de\",\"potentialAction\":[{\"@type\":\"ReadAction\",\"target\":[\"https:\/\/secretaireadistance.ch\/de\/politique-de-confidentialite\/\"]}]},{\"@type\":\"BreadcrumbList\",\"@id\":\"https:\/\/secretaireadistance.ch\/de\/politique-de-confidentialite\/#breadcrumb\",\"itemListElement\":[{\"@type\":\"ListItem\",\"position\":1,\"name\":\"Home\",\"item\":\"https:\/\/secretaireadistance.ch\/de\/\"},{\"@type\":\"ListItem\",\"position\":2,\"name\":\"Datenschutz-Bestimmungen \\u00a0\"}]}]}<\/script>\n<!-- \/ Yoast SEO plugin. -->","yoast_head_json":{"title":"Datenschutz-Bestimmungen \u00a0 - secretaire a distance","robots":{"index":"index","follow":"follow","max-snippet":"max-snippet:-1","max-image-preview":"max-image-preview:large","max-video-preview":"max-video-preview:-1"},"canonical":"https:\/\/secretaireadistance.ch\/de\/politique-de-confidentialite\/","og_locale":"de_DE","og_type":"article","og_title":"Datenschutz-Bestimmungen \u00a0 - secretaire a distance","og_description":"[vc_row full_height=&#8220;yes&#8220;][vc_column][vc_column_text] Datenschutz-Bestimmungen \u00a0 Wir verarbeiten Ihre personenbezogenen Daten stets in \u00dcbereinstimmung mit den geltenden datenschutzrechtlichen Bestimmungen (einschliesslich des schweizerischen Datenschutzgesetzes \u00abDSG\u00bb und ggf. der EU-Datenschutz-Grundverordnung \u00abDSGVO\u00bb; nachfolgend zusammenfassend \u00abgeltendes Datenschutzrecht\u00bb ). \u201eVerarbeitung\u201c ist jeder Vorgang oder jede Vorgangsreihe, die unter Verwendung automatisierter Verfahren ausgef\u00fchrt oder nicht durchgef\u00fchrt und auf personenbezogene Daten angewendet wird, wie [&hellip;]","og_url":"https:\/\/secretaireadistance.ch\/de\/politique-de-confidentialite\/","og_site_name":"secretaire a distance","article_modified_time":"2021-12-16T20:30:08+00:00","twitter_card":"summary_large_image","twitter_misc":{"Gesch\u00e4tzte Lesezeit":"1\u00a0Minute"},"schema":{"@context":"https:\/\/schema.org","@graph":[{"@type":"WebSite","@id":"https:\/\/secretaireadistance.ch\/#website","url":"https:\/\/secretaireadistance.ch\/","name":"secretaire a distance","description":"Just another WordPress site","potentialAction":[{"@type":"SearchAction","target":{"@type":"EntryPoint","urlTemplate":"https:\/\/secretaireadistance.ch\/?s={search_term_string}"},"query-input":"required name=search_term_string"}],"inLanguage":"de"},{"@type":"WebPage","@id":"https:\/\/secretaireadistance.ch\/de\/politique-de-confidentialite\/#webpage","url":"https:\/\/secretaireadistance.ch\/de\/politique-de-confidentialite\/","name":"Datenschutz-Bestimmungen \u00a0 - secretaire a distance","isPartOf":{"@id":"https:\/\/secretaireadistance.ch\/#website"},"datePublished":"2021-11-20T14:26:55+00:00","dateModified":"2021-12-16T20:30:08+00:00","breadcrumb":{"@id":"https:\/\/secretaireadistance.ch\/de\/politique-de-confidentialite\/#breadcrumb"},"inLanguage":"de","potentialAction":[{"@type":"ReadAction","target":["https:\/\/secretaireadistance.ch\/de\/politique-de-confidentialite\/"]}]},{"@type":"BreadcrumbList","@id":"https:\/\/secretaireadistance.ch\/de\/politique-de-confidentialite\/#breadcrumb","itemListElement":[{"@type":"ListItem","position":1,"name":"Home","item":"https:\/\/secretaireadistance.ch\/de\/"},{"@type":"ListItem","position":2,"name":"Datenschutz-Bestimmungen \u00a0"}]}]}},"_links":{"self":[{"href":"https:\/\/secretaireadistance.ch\/de\/wp-json\/wp\/v2\/pages\/29360","targetHints":{"allow":["GET"]}}],"collection":[{"href":"https:\/\/secretaireadistance.ch\/de\/wp-json\/wp\/v2\/pages"}],"about":[{"href":"https:\/\/secretaireadistance.ch\/de\/wp-json\/wp\/v2\/types\/page"}],"author":[{"embeddable":true,"href":"https:\/\/secretaireadistance.ch\/de\/wp-json\/wp\/v2\/users\/1"}],"replies":[{"embeddable":true,"href":"https:\/\/secretaireadistance.ch\/de\/wp-json\/wp\/v2\/comments?post=29360"}],"version-history":[{"count":8,"href":"https:\/\/secretaireadistance.ch\/de\/wp-json\/wp\/v2\/pages\/29360\/revisions"}],"predecessor-version":[{"id":29504,"href":"https:\/\/secretaireadistance.ch\/de\/wp-json\/wp\/v2\/pages\/29360\/revisions\/29504"}],"wp:attachment":[{"href":"https:\/\/secretaireadistance.ch\/de\/wp-json\/wp\/v2\/media?parent=29360"}],"curies":[{"name":"wp","href":"https:\/\/api.w.org\/{rel}","templated":true}]}}